{"id":42,"date":"2019-10-30T22:12:48","date_gmt":"2019-10-30T21:12:48","guid":{"rendered":"http:\/\/bip.asiis.edu.pl\/?page_id=42"},"modified":"2021-01-24T21:14:41","modified_gmt":"2021-01-24T20:14:41","slug":"instrukcja-obslugi","status":"publish","type":"page","link":"http:\/\/bip.asiis.edu.pl\/?page_id=42","title":{"rendered":"Instrukcja obs\u0142ugi"},"content":{"rendered":"<p><!--StartFragment--><\/p>\n\n\n<h3 class=\"wp-block-heading\">Struktura strony<\/h3>\n\n\n\n<h4 class=\"wp-block-heading\">Strona Biuletynu dzieli si\u0119 na trzy obszary<\/h4>\n\n\n\n<ol class=\"wp-block-list\"><li>Obszar nag\u0142\u00f3wka zawiera:<ol><li>nazw\u0119 podmiotu udost\u0119pniaj\u0105cego informacje,<\/li><li>logo BIP<\/li><li>Menu przedmiotowe zawieraj\u0105ce instrukcj\u0119 obs\u0142ugi, stron\u0119 g\u0142\u00f3wn\u0105, zam\u00f3wienia publiczne<br><\/li><\/ol><\/li><li>Obszar menu (z lewej strony) zawiera :<ol><li>Modu\u0142 wyszukuj\u0105cy informacj\u0119 na stronie<\/li><li> Adres strony g\u0142\u00f3wnej Biuletynu Informacji Publicznej, b\u0119d\u0105ce odno\u015bnikiem do strony g\u0142\u00f3wnej Biuletynu Informacji Publicznej (http:\/\/www.bip.gov.pl) <\/li><li>Linki menu jako odno\u015bniki do danych udost\u0119pnianych przez serwis<br><\/li><\/ol><\/li><\/ol>\n\n\n\n<h3 class=\"wp-block-heading\">Wyszukiwanie<\/h3>\n\n\n\n<p>Aby wyszuka\u0107 informacje na stronach, nale\u017cy wpisa\u0107 w okno wyszukiwarki (znajduj\u0105cej si\u0119 w lewej cz\u0119\u015bci nad menu) wyraz b\u0105d\u017a fraz\u0119 i zatwierdzi\u0107 klawiszem enter. Wtedy system przeszukuje wszystkie pola. Dlatego te\u017c w wynikach wyszukiwania mo\u017ce pojawi\u0107 si\u0119 wiele pozycji.<br><\/p>\n\n\n\n<h3 class=\"wp-block-heading\">Dodatkowe menu<\/h3>\n\n\n\n<p>Serwis zawiera r\u00f3wnie\u017c menu przyklejone do lewej kraw\u0119dzi strony z ikon\u0105 w\u00f3zka inwalidzkiego. Za pomoc\u0105 tego menu mo\u017cemy zmieni\u0107 rozmiar czcionki na stronie jak r\u00f3wnie\u017c kontrast<\/p>\n\n\n\n<h3 class=\"wp-block-heading\">Linki poza menu<\/h3>\n\n\n\n<p>S\u0105 to odsy\u0142acze, kt\u00f3re mo\u017cna znale\u017a\u0107 jako podkre\u015blone fragmenty tekstu. Zawieraj\u0105 one informacje umieszczone w plikach do pobrania.<\/p>\n\n\n<p><!--EndFragment--><\/p>","protected":false},"excerpt":{"rendered":"<p>Struktura strony Strona Biuletynu dzieli si\u0119 na trzy obszary Obszar nag\u0142\u00f3wka zawiera: nazw\u0119 podmiotu udost\u0119pniaj\u0105cego informacje, logo BIP Menu przedmiotowe zawieraj\u0105ce instrukcj\u0119 obs\u0142ugi, stron\u0119 g\u0142\u00f3wn\u0105, zam\u00f3wienia publiczne Obszar menu (z lewej strony) zawiera : Modu\u0142 wyszukuj\u0105cy informacj\u0119 na stronie Adres strony g\u0142\u00f3wnej Biuletynu Informacji Publicznej, b\u0119d\u0105ce odno\u015bnikiem do strony g\u0142\u00f3wnej Biuletynu Informacji Publicznej (http:\/\/www.bip.gov.pl) Linki [&hellip;]<\/p>\n","protected":false},"author":1,"featured_media":0,"parent":0,"menu_order":0,"comment_status":"closed","ping_status":"closed","template":"","meta":{"footnotes":""},"class_list":["post-42","page","type-page","status-publish","hentry"],"_links":{"self":[{"href":"http:\/\/bip.asiis.edu.pl\/index.php?rest_route=\/wp\/v2\/pages\/42","targetHints":{"allow":["GET"]}}],"collection":[{"href":"http:\/\/bip.asiis.edu.pl\/index.php?rest_route=\/wp\/v2\/pages"}],"about":[{"href":"http:\/\/bip.asiis.edu.pl\/index.php?rest_route=\/wp\/v2\/types\/page"}],"author":[{"embeddable":true,"href":"http:\/\/bip.asiis.edu.pl\/index.php?rest_route=\/wp\/v2\/users\/1"}],"replies":[{"embeddable":true,"href":"http:\/\/bip.asiis.edu.pl\/index.php?rest_route=%2Fwp%2Fv2%2Fcomments&post=42"}],"version-history":[{"count":3,"href":"http:\/\/bip.asiis.edu.pl\/index.php?rest_route=\/wp\/v2\/pages\/42\/revisions"}],"predecessor-version":[{"id":455,"href":"http:\/\/bip.asiis.edu.pl\/index.php?rest_route=\/wp\/v2\/pages\/42\/revisions\/455"}],"wp:attachment":[{"href":"http:\/\/bip.asiis.edu.pl\/index.php?rest_route=%2Fwp%2Fv2%2Fmedia&parent=42"}],"curies":[{"name":"wp","href":"https:\/\/api.w.org\/{rel}","templated":true}]}}