{"id":2912,"date":"2024-08-06T14:57:41","date_gmt":"2024-08-06T12:57:41","guid":{"rendered":"http:\/\/bip.asiis.edu.pl\/?page_id=2912"},"modified":"2024-08-06T15:01:40","modified_gmt":"2024-08-06T13:01:40","slug":"elementor-2912","status":"publish","type":"page","link":"http:\/\/bip.asiis.edu.pl\/?page_id=2912","title":{"rendered":"Informacja nt. obowi\u0105zku szkolnego i obowi\u0105zku nauki w Polsce dla uczni\u00f3w z Ukrainy"},"content":{"rendered":"\t\t<div data-elementor-type=\"wp-page\" data-elementor-id=\"2912\" class=\"elementor elementor-2912\" data-elementor-post-type=\"page\">\n\t\t\t\t\t\t<section class=\"elementor-section elementor-top-section elementor-element elementor-element-14f3740 elementor-section-boxed elementor-section-height-default elementor-section-height-default\" data-id=\"14f3740\" data-element_type=\"section\">\n\t\t\t\t\t\t<div class=\"elementor-container elementor-column-gap-default\">\n\t\t\t\t\t<div class=\"elementor-column elementor-col-100 elementor-top-column elementor-element elementor-element-6211605\" data-id=\"6211605\" data-element_type=\"column\">\n\t\t\t<div class=\"elementor-widget-wrap elementor-element-populated\">\n\t\t\t\t\t\t<div class=\"elementor-element elementor-element-75b29a1 elementor-widget elementor-widget-text-editor\" data-id=\"75b29a1\" data-element_type=\"widget\" data-widget_type=\"text-editor.default\">\n\t\t\t\t<div class=\"elementor-widget-container\">\n\t\t\t\t\t\t\t<p><strong>Informacja nt. obowi\u0105zku szkolnego i obowi\u0105zku nauki w Polsce dla uczni\u00f3w z Ukrainy<\/strong><\/p>\t\t\t\t\t\t<\/div>\n\t\t\t\t<\/div>\n\t\t\t\t\t<\/div>\n\t\t<\/div>\n\t\t\t\t\t<\/div>\n\t\t<\/section>\n\t\t\t\t<section class=\"elementor-section elementor-top-section elementor-element elementor-element-173e746 elementor-section-boxed elementor-section-height-default elementor-section-height-default\" data-id=\"173e746\" data-element_type=\"section\">\n\t\t\t\t\t\t<div class=\"elementor-container elementor-column-gap-default\">\n\t\t\t\t\t<div class=\"elementor-column elementor-col-50 elementor-top-column elementor-element elementor-element-5f409d9\" data-id=\"5f409d9\" data-element_type=\"column\">\n\t\t\t<div class=\"elementor-widget-wrap elementor-element-populated\">\n\t\t\t\t\t\t<div class=\"elementor-element elementor-element-848c4ac elementor-widget elementor-widget-image\" data-id=\"848c4ac\" data-element_type=\"widget\" data-widget_type=\"image.default\">\n\t\t\t\t<div class=\"elementor-widget-container\">\n\t\t\t\t\t\t\t\t\t\t\t\t\t<img fetchpriority=\"high\" decoding=\"async\" width=\"768\" height=\"1086\" src=\"http:\/\/bip.asiis.edu.pl\/wp-content\/uploads\/2024\/08\/ulotkainformacyjnamenpl-768x1086.jpg\" class=\"attachment-medium_large size-medium_large wp-image-2914\" alt=\"obrazek\" srcset=\"http:\/\/bip.asiis.edu.pl\/wp-content\/uploads\/2024\/08\/ulotkainformacyjnamenpl-768x1086.jpg 768w, http:\/\/bip.asiis.edu.pl\/wp-content\/uploads\/2024\/08\/ulotkainformacyjnamenpl-212x300.jpg 212w, http:\/\/bip.asiis.edu.pl\/wp-content\/uploads\/2024\/08\/ulotkainformacyjnamenpl-724x1024.jpg 724w, http:\/\/bip.asiis.edu.pl\/wp-content\/uploads\/2024\/08\/ulotkainformacyjnamenpl-1086x1536.jpg 1086w, http:\/\/bip.asiis.edu.pl\/wp-content\/uploads\/2024\/08\/ulotkainformacyjnamenpl.jpg 1240w\" sizes=\"(max-width: 768px) 100vw, 768px\" \/>\t\t\t\t\t\t\t\t\t\t\t\t\t<\/div>\n\t\t\t\t<\/div>\n\t\t\t\t\t<\/div>\n\t\t<\/div>\n\t\t\t\t<div class=\"elementor-column elementor-col-50 elementor-top-column elementor-element elementor-element-8d67b63\" data-id=\"8d67b63\" data-element_type=\"column\">\n\t\t\t<div class=\"elementor-widget-wrap elementor-element-populated\">\n\t\t\t\t\t\t<div class=\"elementor-element elementor-element-52d99bf elementor-widget elementor-widget-image\" data-id=\"52d99bf\" data-element_type=\"widget\" data-widget_type=\"image.default\">\n\t\t\t\t<div class=\"elementor-widget-container\">\n\t\t\t\t\t\t\t\t\t\t\t\t\t<img decoding=\"async\" width=\"768\" height=\"1086\" src=\"http:\/\/bip.asiis.edu.pl\/wp-content\/uploads\/2024\/08\/ulotkainformacyjnamenua-768x1086.jpg\" class=\"attachment-medium_large size-medium_large wp-image-2915\" alt=\"obrazek\" srcset=\"http:\/\/bip.asiis.edu.pl\/wp-content\/uploads\/2024\/08\/ulotkainformacyjnamenua-768x1086.jpg 768w, http:\/\/bip.asiis.edu.pl\/wp-content\/uploads\/2024\/08\/ulotkainformacyjnamenua-212x300.jpg 212w, http:\/\/bip.asiis.edu.pl\/wp-content\/uploads\/2024\/08\/ulotkainformacyjnamenua-724x1024.jpg 724w, http:\/\/bip.asiis.edu.pl\/wp-content\/uploads\/2024\/08\/ulotkainformacyjnamenua-1086x1536.jpg 1086w, http:\/\/bip.asiis.edu.pl\/wp-content\/uploads\/2024\/08\/ulotkainformacyjnamenua.jpg 1240w\" sizes=\"(max-width: 768px) 100vw, 768px\" \/>\t\t\t\t\t\t\t\t\t\t\t\t\t<\/div>\n\t\t\t\t<\/div>\n\t\t\t\t\t<\/div>\n\t\t<\/div>\n\t\t\t\t\t<\/div>\n\t\t<\/section>\n\t\t\t\t<\/div>\n\t\t","protected":false},"excerpt":{"rendered":"<p>Informacja nt. obowi\u0105zku szkolnego i obowi\u0105zku nauki w Polsce dla uczni\u00f3w z Ukrainy<\/p>\n","protected":false},"author":1,"featured_media":0,"parent":0,"menu_order":0,"comment_status":"closed","ping_status":"closed","template":"","meta":{"footnotes":""},"class_list":["post-2912","page","type-page","status-publish","hentry"],"_links":{"self":[{"href":"http:\/\/bip.asiis.edu.pl\/index.php?rest_route=\/wp\/v2\/pages\/2912","targetHints":{"allow":["GET"]}}],"collection":[{"href":"http:\/\/bip.asiis.edu.pl\/index.php?rest_route=\/wp\/v2\/pages"}],"about":[{"href":"http:\/\/bip.asiis.edu.pl\/index.php?rest_route=\/wp\/v2\/types\/page"}],"author":[{"embeddable":true,"href":"http:\/\/bip.asiis.edu.pl\/index.php?rest_route=\/wp\/v2\/users\/1"}],"replies":[{"embeddable":true,"href":"http:\/\/bip.asiis.edu.pl\/index.php?rest_route=%2Fwp%2Fv2%2Fcomments&post=2912"}],"version-history":[{"count":8,"href":"http:\/\/bip.asiis.edu.pl\/index.php?rest_route=\/wp\/v2\/pages\/2912\/revisions"}],"predecessor-version":[{"id":2934,"href":"http:\/\/bip.asiis.edu.pl\/index.php?rest_route=\/wp\/v2\/pages\/2912\/revisions\/2934"}],"wp:attachment":[{"href":"http:\/\/bip.asiis.edu.pl\/index.php?rest_route=%2Fwp%2Fv2%2Fmedia&parent=2912"}],"curies":[{"name":"wp","href":"https:\/\/api.w.org\/{rel}","templated":true}]}}