{"id":2683,"date":"2024-05-17T11:14:05","date_gmt":"2024-05-17T09:14:05","guid":{"rendered":"http:\/\/bip.asiis.edu.pl\/?page_id=2683"},"modified":"2024-05-17T11:17:07","modified_gmt":"2024-05-17T09:17:07","slug":"liczba-wolnych-miejsc-przed-rekrutacja-uzupelniajaca","status":"publish","type":"page","link":"http:\/\/bip.asiis.edu.pl\/?page_id=2683","title":{"rendered":"Liczba wolnych miejsc przed rekrutacj\u0105 uzupe\u0142niaj\u0105c\u0105 do przedszkoli i oddzia\u0142\u00f3w przedszkolnych"},"content":{"rendered":"\t\t<div data-elementor-type=\"wp-page\" data-elementor-id=\"2683\" class=\"elementor elementor-2683\" data-elementor-post-type=\"page\">\n\t\t\t\t\t\t<section class=\"elementor-section elementor-top-section elementor-element elementor-element-b961e22 elementor-section-boxed elementor-section-height-default elementor-section-height-default\" data-id=\"b961e22\" data-element_type=\"section\">\n\t\t\t\t\t\t<div class=\"elementor-container elementor-column-gap-default\">\n\t\t\t\t\t<div class=\"elementor-column elementor-col-100 elementor-top-column elementor-element elementor-element-7a378d6\" data-id=\"7a378d6\" data-element_type=\"column\">\n\t\t\t<div class=\"elementor-widget-wrap elementor-element-populated\">\n\t\t\t\t\t\t<div class=\"elementor-element elementor-element-20975dd elementor-widget elementor-widget-text-editor\" data-id=\"20975dd\" data-element_type=\"widget\" data-widget_type=\"text-editor.default\">\n\t\t\t\t<div class=\"elementor-widget-container\">\n\t\t\t\t\t\t\t<h2><strong>Liczba wolnych miejsc przed rekrutacj\u0105 uzupe\u0142niaj\u0105c\u0105 do przedszkoli i oddzia\u0142\u00f3w przedszkolnych<\/strong><\/h2>\t\t\t\t\t\t<\/div>\n\t\t\t\t<\/div>\n\t\t\t\t<div class=\"elementor-element elementor-element-9970ae8 elementor-widget elementor-widget-text-editor\" data-id=\"9970ae8\" data-element_type=\"widget\" data-widget_type=\"text-editor.default\">\n\t\t\t\t<div class=\"elementor-widget-container\">\n\t\t\t\t\t\t\t<table><tbody><tr><td width=\"48\"><strong>Lp.<\/strong><\/td><td width=\"381\"><strong>Nazwa plac\u00f3wki<\/strong><\/td><td width=\"284\"><strong>Liczba wolnych miejsc w przedszkolu\/oddzia\u0142ach przedszkolnych przed rekrutacj\u0105 uzupe\u0142niaj\u0105c\u0105<\/strong><\/td><\/tr><tr><td>1<\/td><td>Szko\u0142a Podstawowa nr 1 w Chojnie<\/td><td>0<\/td><\/tr><tr><td>2<\/td><td>Szko\u0142a Podstawowa nr 2 w Chojnie<\/td><td>3<\/td><\/tr><tr><td>3<\/td><td>Szko\u0142a Podstawowa w Grzybnie<\/td><td>11<\/td><\/tr><tr><td>4<\/td><td>Szko\u0142a Podstawowa w Krzymowie<\/td><td>17<\/td><\/tr><tr><td>5<\/td><td>Szko\u0142a Podstawowa w Nawodnej<\/td><td>1<\/td><\/tr><tr><td>6<\/td><td>Bajkowe Przedszkole Miejskie w Chojnie<\/td><td>0<\/td><\/tr><tr><td>Suma<\/td><td>\u00a0<\/td><td><strong>32<\/strong><\/td><\/tr><\/tbody><\/table>\t\t\t\t\t\t<\/div>\n\t\t\t\t<\/div>\n\t\t\t\t\t<\/div>\n\t\t<\/div>\n\t\t\t\t\t<\/div>\n\t\t<\/section>\n\t\t\t\t<\/div>\n\t\t","protected":false},"excerpt":{"rendered":"<p>Liczba wolnych miejsc przed rekrutacj\u0105 uzupe\u0142niaj\u0105c\u0105 do przedszkoli i oddzia\u0142\u00f3w przedszkolnych Lp. Nazwa plac\u00f3wki Liczba wolnych miejsc w przedszkolu\/oddzia\u0142ach przedszkolnych przed rekrutacj\u0105 uzupe\u0142niaj\u0105c\u0105 1 Szko\u0142a Podstawowa nr 1 w Chojnie 0 2 Szko\u0142a Podstawowa nr 2 w Chojnie 3 3 Szko\u0142a Podstawowa w Grzybnie 11 4 Szko\u0142a Podstawowa w Krzymowie 17 5 Szko\u0142a Podstawowa w [&hellip;]<\/p>\n","protected":false},"author":1,"featured_media":0,"parent":0,"menu_order":0,"comment_status":"closed","ping_status":"closed","template":"","meta":{"footnotes":""},"class_list":["post-2683","page","type-page","status-publish","hentry"],"_links":{"self":[{"href":"http:\/\/bip.asiis.edu.pl\/index.php?rest_route=\/wp\/v2\/pages\/2683","targetHints":{"allow":["GET"]}}],"collection":[{"href":"http:\/\/bip.asiis.edu.pl\/index.php?rest_route=\/wp\/v2\/pages"}],"about":[{"href":"http:\/\/bip.asiis.edu.pl\/index.php?rest_route=\/wp\/v2\/types\/page"}],"author":[{"embeddable":true,"href":"http:\/\/bip.asiis.edu.pl\/index.php?rest_route=\/wp\/v2\/users\/1"}],"replies":[{"embeddable":true,"href":"http:\/\/bip.asiis.edu.pl\/index.php?rest_route=%2Fwp%2Fv2%2Fcomments&post=2683"}],"version-history":[{"count":5,"href":"http:\/\/bip.asiis.edu.pl\/index.php?rest_route=\/wp\/v2\/pages\/2683\/revisions"}],"predecessor-version":[{"id":2688,"href":"http:\/\/bip.asiis.edu.pl\/index.php?rest_route=\/wp\/v2\/pages\/2683\/revisions\/2688"}],"wp:attachment":[{"href":"http:\/\/bip.asiis.edu.pl\/index.php?rest_route=%2Fwp%2Fv2%2Fmedia&parent=2683"}],"curies":[{"name":"wp","href":"https:\/\/api.w.org\/{rel}","templated":true}]}}